{"id":5524,"date":"2025-04-16T12:12:58","date_gmt":"2025-04-16T10:12:58","guid":{"rendered":"https:\/\/www.tourisme.gov.tn\/?page_id=5524"},"modified":"2025-04-16T12:13:49","modified_gmt":"2025-04-16T10:13:49","slug":"calls-for-tenders","status":"publish","type":"page","link":"\/?page_id=5524&lang=en","title":{"rendered":"Calls for tenders"},"content":{"rendered":"\t\t<div data-elementor-type=\"wp-page\" data-elementor-id=\"5524\" class=\"elementor elementor-5524\">\n\t\t\t\t\t\t<section class=\"elementor-section elementor-top-section elementor-element elementor-element-738819d2 profecient-mouse-effects-yes profecient-parallax-yes elementor-section-boxed elementor-section-height-default elementor-section-height-default\" data-id=\"738819d2\" data-element_type=\"section\" data-settings=\"{&quot;background_background&quot;:&quot;classic&quot;,&quot;profecient_background_parallax_y_css_unit&quot;:&quot;px&quot;,&quot;profecient_background_parallax_transition_property&quot;:&quot;transform, filter&quot;,&quot;profecient_background_parallax_transition_duration&quot;:&quot;800ms&quot;,&quot;profecient_background_parallax_transition_easing&quot;:&quot;ease-out&quot;,&quot;profecient_background_motion_effects_toggle&quot;:&quot;yes&quot;,&quot;profecient_background_motion_effects_background_width_responsive&quot;:{&quot;unit&quot;:&quot;px&quot;,&quot;size&quot;:120,&quot;sizes&quot;:&quot;&quot;},&quot;profecient_background_motion_effects_background_height_responsive&quot;:{&quot;unit&quot;:&quot;px&quot;,&quot;size&quot;:120,&quot;sizes&quot;:&quot;&quot;},&quot;profecient_background_motion_effects_position_left_responsive&quot;:{&quot;unit&quot;:&quot;px&quot;,&quot;size&quot;:0,&quot;sizes&quot;:&quot;&quot;},&quot;profecient_background_motion_effects_position_top_responsive&quot;:{&quot;unit&quot;:&quot;px&quot;,&quot;size&quot;:0,&quot;sizes&quot;:&quot;&quot;},&quot;profecient_background_parallax_toggle&quot;:&quot;yes&quot;,&quot;profecient_background_parallax_y_popover_start&quot;:&quot;yes&quot;,&quot;profecient_background_parallax_y_start_responsive&quot;:{&quot;unit&quot;:&quot;px&quot;,&quot;size&quot;:-80,&quot;sizes&quot;:&quot;&quot;},&quot;profecient_background_parallax_transition_popover_start&quot;:&quot;yes&quot;,&quot;profecient_background_motion_effects_background_width_responsive_tablet&quot;:{&quot;unit&quot;:&quot;px&quot;,&quot;size&quot;:&quot;&quot;,&quot;sizes&quot;:[]},&quot;profecient_background_motion_effects_background_width_responsive_mobile&quot;:{&quot;unit&quot;:&quot;px&quot;,&quot;size&quot;:&quot;&quot;,&quot;sizes&quot;:[]},&quot;profecient_background_motion_effects_background_height_responsive_tablet&quot;:{&quot;unit&quot;:&quot;px&quot;,&quot;size&quot;:&quot;&quot;,&quot;sizes&quot;:[]},&quot;profecient_background_motion_effects_background_height_responsive_mobile&quot;:{&quot;unit&quot;:&quot;px&quot;,&quot;size&quot;:&quot;&quot;,&quot;sizes&quot;:[]},&quot;profecient_background_motion_effects_position_left_responsive_tablet&quot;:{&quot;unit&quot;:&quot;px&quot;,&quot;size&quot;:&quot;&quot;,&quot;sizes&quot;:[]},&quot;profecient_background_motion_effects_position_left_responsive_mobile&quot;:{&quot;unit&quot;:&quot;px&quot;,&quot;size&quot;:&quot;&quot;,&quot;sizes&quot;:[]},&quot;profecient_background_motion_effects_position_top_responsive_tablet&quot;:{&quot;unit&quot;:&quot;px&quot;,&quot;size&quot;:&quot;&quot;,&quot;sizes&quot;:[]},&quot;profecient_background_motion_effects_position_top_responsive_mobile&quot;:{&quot;unit&quot;:&quot;px&quot;,&quot;size&quot;:&quot;&quot;,&quot;sizes&quot;:[]},&quot;profecient_background_mouse_effects_toggle&quot;:0,&quot;profecient_background_parallax_x_animation_viewport&quot;:{&quot;unit&quot;:&quot;%&quot;,&quot;size&quot;:&quot;&quot;,&quot;sizes&quot;:{&quot;start&quot;:0,&quot;end&quot;:100}},&quot;profecient_background_parallax_y_start_responsive_tablet&quot;:{&quot;unit&quot;:&quot;px&quot;,&quot;size&quot;:&quot;&quot;,&quot;sizes&quot;:[]},&quot;profecient_background_parallax_y_start_responsive_mobile&quot;:{&quot;unit&quot;:&quot;px&quot;,&quot;size&quot;:&quot;&quot;,&quot;sizes&quot;:[]},&quot;profecient_background_parallax_y_end_responsive&quot;:{&quot;unit&quot;:&quot;px&quot;,&quot;size&quot;:0,&quot;sizes&quot;:&quot;&quot;},&quot;profecient_background_parallax_y_end_responsive_tablet&quot;:{&quot;unit&quot;:&quot;px&quot;,&quot;size&quot;:&quot;&quot;,&quot;sizes&quot;:[]},&quot;profecient_background_parallax_y_end_responsive_mobile&quot;:{&quot;unit&quot;:&quot;px&quot;,&quot;size&quot;:&quot;&quot;,&quot;sizes&quot;:[]},&quot;profecient_background_parallax_y_animation_viewport&quot;:{&quot;unit&quot;:&quot;%&quot;,&quot;size&quot;:&quot;&quot;,&quot;sizes&quot;:{&quot;start&quot;:0,&quot;end&quot;:100}},&quot;profecient_background_parallax_background_color_start&quot;:&quot;#000000&quot;,&quot;profecient_background_parallax_background_color_end&quot;:&quot;#000000&quot;,&quot;profecient_background_parallax_background_color_animation_viewport&quot;:{&quot;unit&quot;:&quot;%&quot;,&quot;size&quot;:&quot;&quot;,&quot;sizes&quot;:{&quot;start&quot;:0,&quot;end&quot;:100}},&quot;profecient_background_parallax_border_color_start&quot;:&quot;#000000&quot;,&quot;profecient_background_parallax_border_color_end&quot;:&quot;#000000&quot;,&quot;profecient_parallax_effects_toggle&quot;:0,&quot;profecient_mouse_effects_toggle&quot;:0}\">\n\t\t\t\t\t\t\t<div class=\"elementor-background-overlay\"><\/div>\n\t\t\t\t\t\t\t<div class=\"elementor-container elementor-column-gap-default\">\n\t\t\t\t\t<div class=\"elementor-column elementor-col-100 elementor-top-column elementor-element elementor-element-38596b33\" data-id=\"38596b33\" data-element_type=\"column\" data-settings=\"{&quot;profecient_background_motion_effects_toggle&quot;:0,&quot;profecient_parallax_effects_toggle&quot;:0,&quot;profecient_mouse_effects_toggle&quot;:0}\">\n\t\t\t<div class=\"elementor-widget-wrap elementor-element-populated\">\n\t\t\t\t\t\t<div class=\"elementor-element elementor-element-6d6213e3 elementor-invisible elementor-widget elementor-widget-heading\" data-id=\"6d6213e3\" data-element_type=\"widget\" data-settings=\"{&quot;_animation&quot;:&quot;fadeInUp&quot;,&quot;_animation_delay&quot;:0,&quot;profecient_parallax_effects_toggle&quot;:0,&quot;profecient_mouse_effects_toggle&quot;:0}\" data-widget_type=\"heading.default\">\n\t\t\t\t<div class=\"elementor-widget-container\">\n\t\t\t\t\t<h2 class=\"elementor-heading-title elementor-size-default\">Calls for tenders<\/h2>\t\t\t\t<\/div>\n\t\t\t\t<\/div>\n\t\t\t\t<div class=\"elementor-element elementor-element-744498c7 elementor-icon-list--layout-inline elementor-align-center elementor-list-item-link-full_width elementor-invisible elementor-widget elementor-widget-icon-list\" data-id=\"744498c7\" data-element_type=\"widget\" data-settings=\"{&quot;_animation&quot;:&quot;fadeInUp&quot;,&quot;_animation_delay&quot;:20,&quot;profecient_parallax_effects_toggle&quot;:0,&quot;profecient_mouse_effects_toggle&quot;:0}\" data-widget_type=\"icon-list.default\">\n\t\t\t\t<div class=\"elementor-widget-container\">\n\t\t\t\t\t\t\t<ul class=\"elementor-icon-list-items elementor-inline-items\">\n\t\t\t\t\t\t\t<li class=\"elementor-icon-list-item elementor-inline-item\">\n\t\t\t\t\t\t\t\t\t\t<span class=\"elementor-icon-list-text\">Accueil<\/span>\n\t\t\t\t\t\t\t\t\t<\/li>\n\t\t\t\t\t\t\t\t<li class=\"elementor-icon-list-item elementor-inline-item\">\n\t\t\t\t\t\t\t\t\t\t\t<span class=\"elementor-icon-list-icon\">\n\t\t\t\t\t\t\t<svg xmlns=\"http:\/\/www.w3.org\/2000\/svg\" width=\"101\" height=\"165\" viewBox=\"0 0 101 165\" fill=\"none\"><path d=\"M97.9175 88.8114L24.583 162.145C21.0462 165.682 15.3121 165.682 11.7756 162.145L3.22237 153.592C-0.308435 150.061 -0.31523 144.339 3.20727 140.8L61.3261 82.4075L3.20727 24.0155C-0.31523 20.4764 -0.308435 14.754 3.22237 11.2232L11.7756 2.66992C15.3125 -0.866925 21.0466 -0.866925 24.583 2.66992L97.9175 76.0036C101.454 79.5404 101.454 85.2746 97.9175 88.8114Z\" fill=\"#16A8AA\"><\/path><\/svg>\t\t\t\t\t\t<\/span>\n\t\t\t\t\t\t\t\t\t\t<span class=\"elementor-icon-list-text\">Calls for tenders<\/span>\n\t\t\t\t\t\t\t\t\t<\/li>\n\t\t\t\t\t\t<\/ul>\n\t\t\t\t\t\t<\/div>\n\t\t\t\t<\/div>\n\t\t\t\t\t<\/div>\n\t\t<\/div>\n\t\t\t\t\t<\/div>\n\t\t<\/section>\n\t\t\t\t<section class=\"elementor-section elementor-top-section elementor-element elementor-element-aaa78a7 elementor-section-boxed elementor-section-height-default elementor-section-height-default\" data-id=\"aaa78a7\" data-element_type=\"section\" data-settings=\"{&quot;background_background&quot;:&quot;classic&quot;,&quot;profecient_background_motion_effects_toggle&quot;:0,&quot;profecient_parallax_effects_toggle&quot;:0,&quot;profecient_mouse_effects_toggle&quot;:0}\">\n\t\t\t\t\t\t<div class=\"elementor-container elementor-column-gap-default\">\n\t\t\t\t\t<div class=\"elementor-column elementor-col-100 elementor-top-column elementor-element elementor-element-46c62020 elementor-invisible\" data-id=\"46c62020\" data-element_type=\"column\" data-settings=\"{&quot;animation&quot;:&quot;fadeInUp&quot;,&quot;animation_delay&quot;:50,&quot;profecient_background_motion_effects_toggle&quot;:0,&quot;profecient_parallax_effects_toggle&quot;:0,&quot;profecient_mouse_effects_toggle&quot;:0}\">\n\t\t\t<div class=\"elementor-widget-wrap elementor-element-populated\">\n\t\t\t\t\t\t<div class=\"elementor-element elementor-element-37ad71b6 elementor-widget elementor-widget-jkit_post_block\" data-id=\"37ad71b6\" data-element_type=\"widget\" data-settings=\"{&quot;profecient_parallax_effects_toggle&quot;:0,&quot;profecient_mouse_effects_toggle&quot;:0}\" data-widget_type=\"jkit_post_block.default\">\n\t\t\t\t<div class=\"elementor-widget-container\">\n\t\t\t\t\t<div  class=\"jeg-elementor-kit jkit-postblock postblock-type-1 jkit-pagination-loadmore post-element jeg_module___69f17a6ecad88\"  data-id=\"jeg_module___69f17a6ecad88\" data-settings=\"{&quot;post_type&quot;:&quot;post&quot;,&quot;number_post&quot;:{&quot;unit&quot;:&quot;px&quot;,&quot;size&quot;:3,&quot;sizes&quot;:[]},&quot;post_offset&quot;:0,&quot;unique_content&quot;:&quot;disable&quot;,&quot;include_post&quot;:&quot;&quot;,&quot;exclude_post&quot;:&quot;&quot;,&quot;include_category&quot;:&quot;220&quot;,&quot;exclude_category&quot;:&quot;&quot;,&quot;include_author&quot;:&quot;&quot;,&quot;include_tag&quot;:&quot;&quot;,&quot;exclude_tag&quot;:&quot;&quot;,&quot;sort_by&quot;:&quot;latest&quot;,&quot;pagination_mode&quot;:&quot;loadmore&quot;,&quot;pagination_loadmore_text&quot;:&quot;Charger plus&quot;,&quot;pagination_loading_text&quot;:&quot;Chargement...&quot;,&quot;pagination_number_post&quot;:{&quot;unit&quot;:&quot;px&quot;,&quot;size&quot;:3,&quot;sizes&quot;:[]},&quot;pagination_scroll_limit&quot;:0,&quot;pagination_icon&quot;:{&quot;value&quot;:&quot;&quot;,&quot;library&quot;:&quot;&quot;},&quot;pagination_icon_position&quot;:&quot;before&quot;,&quot;st_category_position&quot;:&quot;left&quot;,&quot;sg_content_postblock_type&quot;:&quot;type-1&quot;,&quot;sg_content_element_order&quot;:&quot;title,excerpt,meta,read&quot;,&quot;sg_content_breakpoint&quot;:&quot;tablet&quot;,&quot;sg_content_title_html_tag&quot;:&quot;h4&quot;,&quot;sg_content_category_enable&quot;:&quot;&quot;,&quot;sg_content_excerpt_enable&quot;:&quot;yes&quot;,&quot;sg_content_excerpt_length&quot;:{&quot;unit&quot;:&quot;px&quot;,&quot;size&quot;:35,&quot;sizes&quot;:[]},&quot;sg_content_excerpt_more&quot;:&quot;...&quot;,&quot;sg_content_readmore_enable&quot;:&quot;yes&quot;,&quot;sg_content_readmore_icon&quot;:{&quot;value&quot;:{&quot;id&quot;:23,&quot;url&quot;:&quot;https:\\\/\\\/www.tourisme.gov.tn\\\/wp-content\\\/uploads\\\/2024\\\/11\\\/arrow-right.svg&quot;,&quot;status&quot;:&quot;Downloading images&quot;},&quot;library&quot;:&quot;svg&quot;},&quot;sg_content_readmore_icon_position&quot;:&quot;after&quot;,&quot;sg_content_readmore_text&quot;:&quot;En savoir plus&quot;,&quot;sg_content_comment_enable&quot;:&quot;&quot;,&quot;sg_content_comment_icon&quot;:{&quot;value&quot;:&quot;fas fa-comment&quot;,&quot;library&quot;:&quot;fa-solid&quot;},&quot;sg_content_comment_icon_position&quot;:&quot;before&quot;,&quot;sg_content_meta_enable&quot;:&quot;yes&quot;,&quot;sg_content_meta_author_enable&quot;:&quot;&quot;,&quot;sg_content_meta_author_by_text&quot;:&quot;by&quot;,&quot;sg_content_meta_author_icon&quot;:{&quot;value&quot;:&quot;fas fa-user&quot;,&quot;library&quot;:&quot;fa-solid&quot;},&quot;sg_content_meta_author_icon_position&quot;:&quot;before&quot;,&quot;sg_content_meta_date_enable&quot;:&quot;yes&quot;,&quot;sg_content_meta_date_type&quot;:&quot;published&quot;,&quot;sg_content_meta_date_format&quot;:&quot;default&quot;,&quot;sg_content_meta_date_format_custom&quot;:&quot;F j, Y&quot;,&quot;sg_content_meta_date_icon&quot;:{&quot;value&quot;:&quot;&quot;,&quot;library&quot;:&quot;&quot;},&quot;sg_content_meta_date_icon_position&quot;:&quot;before&quot;,&quot;sg_content_image_size_imagesize_size&quot;:&quot;full&quot;,&quot;lang&quot;:false,&quot;paged&quot;:1,&quot;class&quot;:&quot;jkit_post_block&quot;}\"><div class=\"jkit-block-container\"><div class=\"jkit-posts jkit-ajax-flag\">\n            <article class=\"jkit-post post-8031 post type-post status-publish format-standard hentry category-appels-doffres\">\n                    <div class=\"jkit-thumb\"><a aria-label=\"Avis d&rsquo;Appel d&rsquo;offres \u00e0 proc\u00e9dures simplifi\u00e9es N\u00b0 02\/2025\" href=\"https:\/\/www.tuneps.tn\/portail\/offres\/details\/110596\/20251102214\"><div class=\"thumbnail-container no_thumbnail\">\n            \n        <\/div><\/a><\/div>\n                    <div class=\"jkit-postblock-content\"><h4 class=\"jkit-post-title\">\n\t\t\t\t\t\t\t<a href=\"https:\/\/www.tuneps.tn\/portail\/offres\/details\/110596\/20251102214\">Avis d&rsquo;Appel d&rsquo;offres \u00e0 proc\u00e9dures simplifi\u00e9es N\u00b0 02\/2025<\/a>\n\t\t\t\t\t\t<\/h4><div class=\"jkit-post-excerpt\"><p>Acquisition et\u00a0 Configuration d\u2019\u00e9quipements R\u00e9seaux et S\u00e9curit\u00e9\u00a0 \u00a0| Deadline : 01\/12\/2025\u00a0 10:00\u00a0 \u00a0 \u00a0 \u00a0 \u00a0 \u00a0 \u00a0 \u00a0 \u00a0 \u00a0 \u00a0 \u00a0 \u00a0 \u00a0 \u00a0 \u00a0 \u00a0 \u00a0 \u00a0 \u00a0 \u00a0 \u00a0 \u00a0 \u00a0...<\/p><\/div><div class=\"jkit-post-meta\"><div class=\"jkit-meta-date icon-position-before\">12 novembre 2025<\/div><\/div><div class=\"jkit-post-meta-bottom\">\n\t\t\t\t\t\t\t<div class=\"jkit-meta-readmore icon-position-after\">\n                <a title=\"Avis d&rsquo;Appel d&rsquo;offres \u00e0 proc\u00e9dures simplifi\u00e9es N\u00b0 02\/2025\" href=\"https:\/\/www.tuneps.tn\/portail\/offres\/details\/110596\/20251102214\" class=\"jkit-readmore\">En savoir plus<svg xmlns=\"http:\/\/www.w3.org\/2000\/svg\" width=\"100\" height=\"94\" viewBox=\"0 0 100 94\" fill=\"none\"><path d=\"M48.5611 2.68698C49.8693 1.38039 51.6427 0.646484 53.4917 0.646484C55.3406 0.646484 57.114 1.38039 58.4222 2.68698L97.9595 42.2243C99.2661 43.5325 100 45.3059 100 47.1548C100 49.0038 99.2661 50.7771 97.9595 52.0854L58.4222 91.6227C57.0998 92.8566 55.3499 93.5289 53.5415 93.4976C51.7331 93.4664 50.0075 92.7341 48.7286 91.4552C47.4497 90.1763 46.7174 88.4507 46.6862 86.6423C46.6549 84.8338 47.3272 83.084 48.5611 81.7616L76.1907 54.132H6.97717C5.12671 54.132 3.35204 53.3969 2.04357 52.0884C0.735092 50.78 0 49.0053 0 47.1548C0 45.3044 0.735092 43.5297 2.04357 42.2212C3.35204 40.9127 5.12671 40.1777 6.97717 40.1777H76.1907L48.5611 12.5481C47.2545 11.2398 46.5206 9.46647 46.5206 7.61752C46.5206 5.76856 47.2545 3.99521 48.5611 2.68698Z\" fill=\"#16A8AA\"><\/path><\/svg><\/a>\n            <\/div>\n\t\t\t\t\t\t<\/div><\/div>\n                <\/article><article class=\"jkit-post post-5516 post type-post status-publish format-standard hentry category-appels-doffres\">\n                    <div class=\"jkit-thumb\"><a aria-label=\"Avis de consultation n\u00b0 03\/2025\" href=\"https:\/\/www.tuneps.tn\/portail\/consultations\/consultationdetails\/222151\/S20250402896\"><div class=\"thumbnail-container no_thumbnail\">\n            \n        <\/div><\/a><\/div>\n                    <div class=\"jkit-postblock-content\"><h4 class=\"jkit-post-title\">\n\t\t\t\t\t\t\t<a href=\"https:\/\/www.tuneps.tn\/portail\/consultations\/consultationdetails\/222151\/S20250402896\">Avis de consultation n\u00b0 03\/2025<\/a>\n\t\t\t\t\t\t<\/h4><div class=\"jkit-post-excerpt\"><p>Ex\u00e9cution du plan de formation du minist\u00e8re du tourisme pour l'ann\u00e9e 2025 | Deadline : 30\/04\/2025 10:00<\/p><\/div><div class=\"jkit-post-meta\"><div class=\"jkit-meta-date icon-position-before\">16 avril 2025<\/div><\/div><div class=\"jkit-post-meta-bottom\">\n\t\t\t\t\t\t\t<div class=\"jkit-meta-readmore icon-position-after\">\n                <a title=\"Avis de consultation n\u00b0 03\/2025\" href=\"https:\/\/www.tuneps.tn\/portail\/consultations\/consultationdetails\/222151\/S20250402896\" class=\"jkit-readmore\">En savoir plus<svg xmlns=\"http:\/\/www.w3.org\/2000\/svg\" width=\"100\" height=\"94\" viewBox=\"0 0 100 94\" fill=\"none\"><path d=\"M48.5611 2.68698C49.8693 1.38039 51.6427 0.646484 53.4917 0.646484C55.3406 0.646484 57.114 1.38039 58.4222 2.68698L97.9595 42.2243C99.2661 43.5325 100 45.3059 100 47.1548C100 49.0038 99.2661 50.7771 97.9595 52.0854L58.4222 91.6227C57.0998 92.8566 55.3499 93.5289 53.5415 93.4976C51.7331 93.4664 50.0075 92.7341 48.7286 91.4552C47.4497 90.1763 46.7174 88.4507 46.6862 86.6423C46.6549 84.8338 47.3272 83.084 48.5611 81.7616L76.1907 54.132H6.97717C5.12671 54.132 3.35204 53.3969 2.04357 52.0884C0.735092 50.78 0 49.0053 0 47.1548C0 45.3044 0.735092 43.5297 2.04357 42.2212C3.35204 40.9127 5.12671 40.1777 6.97717 40.1777H76.1907L48.5611 12.5481C47.2545 11.2398 46.5206 9.46647 46.5206 7.61752C46.5206 5.76856 47.2545 3.99521 48.5611 2.68698Z\" fill=\"#16A8AA\"><\/path><\/svg><\/a>\n            <\/div>\n\t\t\t\t\t\t<\/div><\/div>\n                <\/article><article class=\"jkit-post post-5650 post type-post status-publish format-standard hentry category-appels-doffres\">\n                    <div class=\"jkit-thumb\"><a aria-label=\"Avis de consultation n\u00b0 02-2025\" href=\"https:\/\/www.tuneps.tn\/portail\/consultations\/consultationdetails\/204589\/S20250103736\"><div class=\"thumbnail-container no_thumbnail\">\n            \n        <\/div><\/a><\/div>\n                    <div class=\"jkit-postblock-content\"><h4 class=\"jkit-post-title\">\n\t\t\t\t\t\t\t<a href=\"https:\/\/www.tuneps.tn\/portail\/consultations\/consultationdetails\/204589\/S20250103736\">Avis de consultation n\u00b0 02-2025<\/a>\n\t\t\t\t\t\t<\/h4><div class=\"jkit-post-excerpt\"><p>Consultation de maintenance, r\u00e9paration des v\u00e9hicules et achat des pi\u00e8ces de rechange | Deadline : 19\/02\/2025 10:00<\/p><\/div><div class=\"jkit-post-meta\"><div class=\"jkit-meta-date icon-position-before\">29 janvier 2025<\/div><\/div><div class=\"jkit-post-meta-bottom\">\n\t\t\t\t\t\t\t<div class=\"jkit-meta-readmore icon-position-after\">\n                <a title=\"Avis de consultation n\u00b0 02-2025\" href=\"https:\/\/www.tuneps.tn\/portail\/consultations\/consultationdetails\/204589\/S20250103736\" class=\"jkit-readmore\">En savoir plus<svg xmlns=\"http:\/\/www.w3.org\/2000\/svg\" width=\"100\" height=\"94\" viewBox=\"0 0 100 94\" fill=\"none\"><path d=\"M48.5611 2.68698C49.8693 1.38039 51.6427 0.646484 53.4917 0.646484C55.3406 0.646484 57.114 1.38039 58.4222 2.68698L97.9595 42.2243C99.2661 43.5325 100 45.3059 100 47.1548C100 49.0038 99.2661 50.7771 97.9595 52.0854L58.4222 91.6227C57.0998 92.8566 55.3499 93.5289 53.5415 93.4976C51.7331 93.4664 50.0075 92.7341 48.7286 91.4552C47.4497 90.1763 46.7174 88.4507 46.6862 86.6423C46.6549 84.8338 47.3272 83.084 48.5611 81.7616L76.1907 54.132H6.97717C5.12671 54.132 3.35204 53.3969 2.04357 52.0884C0.735092 50.78 0 49.0053 0 47.1548C0 45.3044 0.735092 43.5297 2.04357 42.2212C3.35204 40.9127 5.12671 40.1777 6.97717 40.1777H76.1907L48.5611 12.5481C47.2545 11.2398 46.5206 9.46647 46.5206 7.61752C46.5206 5.76856 47.2545 3.99521 48.5611 2.68698Z\" fill=\"#16A8AA\"><\/path><\/svg><\/a>\n            <\/div>\n\t\t\t\t\t\t<\/div><\/div>\n                <\/article>\n        <\/div><\/div><div class=\"jkit-block-pagination jkit-align\"><div class=\"jkit-pagination-button jkit-block-loadmore icon-position-before\"><a href=\"#\" data-load=\"Charger plus\" data-loading=\"Chargement...\">Charger plus<\/a><\/div><\/div><\/div>\t\t\t\t<\/div>\n\t\t\t\t<\/div>\n\t\t\t\t\t<\/div>\n\t\t<\/div>\n\t\t\t\t\t<\/div>\n\t\t<\/section>\n\t\t\t\t<\/div>\n\t\t","protected":false},"excerpt":{"rendered":"<p>Calls for tenders Accueil Calls for tenders No Content Available<\/p>\n","protected":false},"author":1,"featured_media":0,"parent":0,"menu_order":0,"comment_status":"closed","ping_status":"closed","template":"elementor_header_footer","meta":{"footnotes":"","_links_to":"","_links_to_target":""},"class_list":["post-5524","page","type-page","status-publish","hentry"],"lang":"en","translations":{"en":5524,"fr":5498,"ar":8071},"pll_sync_post":[],"_links":{"self":[{"href":"\/index.php?rest_route=\/wp\/v2\/pages\/5524","targetHints":{"allow":["GET"]}}],"collection":[{"href":"\/index.php?rest_route=\/wp\/v2\/pages"}],"about":[{"href":"\/index.php?rest_route=\/wp\/v2\/types\/page"}],"author":[{"embeddable":true,"href":"\/index.php?rest_route=\/wp\/v2\/users\/1"}],"replies":[{"embeddable":true,"href":"\/index.php?rest_route=%2Fwp%2Fv2%2Fcomments&post=5524"}],"version-history":[{"count":4,"href":"\/index.php?rest_route=\/wp\/v2\/pages\/5524\/revisions"}],"predecessor-version":[{"id":5528,"href":"\/index.php?rest_route=\/wp\/v2\/pages\/5524\/revisions\/5528"}],"wp:attachment":[{"href":"\/index.php?rest_route=%2Fwp%2Fv2%2Fmedia&parent=5524"}],"curies":[{"name":"wp","href":"https:\/\/api.w.org\/{rel}","templated":true}]}}