{"id":1381,"date":"2024-11-25T11:04:27","date_gmt":"2024-11-25T10:04:27","guid":{"rendered":"https:\/\/www.tourisme.gov.tn\/?page_id=1381"},"modified":"2025-01-03T15:26:21","modified_gmt":"2025-01-03T14:26:21","slug":"organigramme","status":"publish","type":"page","link":"\/?page_id=1381&lang=fr","title":{"rendered":"Organigramme"},"content":{"rendered":"\t\t<div data-elementor-type=\"wp-page\" data-elementor-id=\"1381\" class=\"elementor elementor-1381\">\n\t\t\t\t\t\t<section class=\"elementor-section elementor-top-section elementor-element elementor-element-5543185f profecient-mouse-effects-yes profecient-parallax-yes elementor-section-boxed elementor-section-height-default elementor-section-height-default\" data-id=\"5543185f\" data-element_type=\"section\" data-settings=\"{&quot;background_background&quot;:&quot;classic&quot;,&quot;profecient_background_parallax_y_css_unit&quot;:&quot;px&quot;,&quot;profecient_background_parallax_transition_property&quot;:&quot;transform, filter&quot;,&quot;profecient_background_parallax_transition_duration&quot;:&quot;800ms&quot;,&quot;profecient_background_parallax_transition_easing&quot;:&quot;ease-out&quot;,&quot;profecient_background_motion_effects_toggle&quot;:&quot;yes&quot;,&quot;profecient_background_motion_effects_background_width_responsive&quot;:{&quot;unit&quot;:&quot;px&quot;,&quot;size&quot;:120,&quot;sizes&quot;:&quot;&quot;},&quot;profecient_background_motion_effects_background_height_responsive&quot;:{&quot;unit&quot;:&quot;px&quot;,&quot;size&quot;:120,&quot;sizes&quot;:&quot;&quot;},&quot;profecient_background_motion_effects_position_left_responsive&quot;:{&quot;unit&quot;:&quot;px&quot;,&quot;size&quot;:0,&quot;sizes&quot;:&quot;&quot;},&quot;profecient_background_motion_effects_position_top_responsive&quot;:{&quot;unit&quot;:&quot;px&quot;,&quot;size&quot;:0,&quot;sizes&quot;:&quot;&quot;},&quot;profecient_background_parallax_toggle&quot;:&quot;yes&quot;,&quot;profecient_background_parallax_y_popover_start&quot;:&quot;yes&quot;,&quot;profecient_background_parallax_y_start_responsive&quot;:{&quot;unit&quot;:&quot;px&quot;,&quot;size&quot;:-80,&quot;sizes&quot;:&quot;&quot;},&quot;profecient_background_parallax_transition_popover_start&quot;:&quot;yes&quot;,&quot;profecient_background_motion_effects_background_width_responsive_tablet&quot;:{&quot;unit&quot;:&quot;px&quot;,&quot;size&quot;:&quot;&quot;,&quot;sizes&quot;:[]},&quot;profecient_background_motion_effects_background_width_responsive_mobile&quot;:{&quot;unit&quot;:&quot;px&quot;,&quot;size&quot;:&quot;&quot;,&quot;sizes&quot;:[]},&quot;profecient_background_motion_effects_background_height_responsive_tablet&quot;:{&quot;unit&quot;:&quot;px&quot;,&quot;size&quot;:&quot;&quot;,&quot;sizes&quot;:[]},&quot;profecient_background_motion_effects_background_height_responsive_mobile&quot;:{&quot;unit&quot;:&quot;px&quot;,&quot;size&quot;:&quot;&quot;,&quot;sizes&quot;:[]},&quot;profecient_background_motion_effects_position_left_responsive_tablet&quot;:{&quot;unit&quot;:&quot;px&quot;,&quot;size&quot;:&quot;&quot;,&quot;sizes&quot;:[]},&quot;profecient_background_motion_effects_position_left_responsive_mobile&quot;:{&quot;unit&quot;:&quot;px&quot;,&quot;size&quot;:&quot;&quot;,&quot;sizes&quot;:[]},&quot;profecient_background_motion_effects_position_top_responsive_tablet&quot;:{&quot;unit&quot;:&quot;px&quot;,&quot;size&quot;:&quot;&quot;,&quot;sizes&quot;:[]},&quot;profecient_background_motion_effects_position_top_responsive_mobile&quot;:{&quot;unit&quot;:&quot;px&quot;,&quot;size&quot;:&quot;&quot;,&quot;sizes&quot;:[]},&quot;profecient_background_mouse_effects_toggle&quot;:0,&quot;profecient_background_parallax_x_animation_viewport&quot;:{&quot;unit&quot;:&quot;%&quot;,&quot;size&quot;:&quot;&quot;,&quot;sizes&quot;:{&quot;start&quot;:0,&quot;end&quot;:100}},&quot;profecient_background_parallax_y_start_responsive_tablet&quot;:{&quot;unit&quot;:&quot;px&quot;,&quot;size&quot;:&quot;&quot;,&quot;sizes&quot;:[]},&quot;profecient_background_parallax_y_start_responsive_mobile&quot;:{&quot;unit&quot;:&quot;px&quot;,&quot;size&quot;:&quot;&quot;,&quot;sizes&quot;:[]},&quot;profecient_background_parallax_y_end_responsive&quot;:{&quot;unit&quot;:&quot;px&quot;,&quot;size&quot;:0,&quot;sizes&quot;:&quot;&quot;},&quot;profecient_background_parallax_y_end_responsive_tablet&quot;:{&quot;unit&quot;:&quot;px&quot;,&quot;size&quot;:&quot;&quot;,&quot;sizes&quot;:[]},&quot;profecient_background_parallax_y_end_responsive_mobile&quot;:{&quot;unit&quot;:&quot;px&quot;,&quot;size&quot;:&quot;&quot;,&quot;sizes&quot;:[]},&quot;profecient_background_parallax_y_animation_viewport&quot;:{&quot;unit&quot;:&quot;%&quot;,&quot;size&quot;:&quot;&quot;,&quot;sizes&quot;:{&quot;start&quot;:0,&quot;end&quot;:100}},&quot;profecient_background_parallax_background_color_start&quot;:&quot;#000000&quot;,&quot;profecient_background_parallax_background_color_end&quot;:&quot;#000000&quot;,&quot;profecient_background_parallax_background_color_animation_viewport&quot;:{&quot;unit&quot;:&quot;%&quot;,&quot;size&quot;:&quot;&quot;,&quot;sizes&quot;:{&quot;start&quot;:0,&quot;end&quot;:100}},&quot;profecient_background_parallax_border_color_start&quot;:&quot;#000000&quot;,&quot;profecient_background_parallax_border_color_end&quot;:&quot;#000000&quot;,&quot;profecient_parallax_effects_toggle&quot;:0,&quot;profecient_mouse_effects_toggle&quot;:0}\">\n\t\t\t\t\t\t\t<div class=\"elementor-background-overlay\"><\/div>\n\t\t\t\t\t\t\t<div class=\"elementor-container elementor-column-gap-default\">\n\t\t\t\t\t<div class=\"elementor-column elementor-col-100 elementor-top-column elementor-element elementor-element-c25df9c\" data-id=\"c25df9c\" data-element_type=\"column\" data-settings=\"{&quot;profecient_background_motion_effects_toggle&quot;:0,&quot;profecient_parallax_effects_toggle&quot;:0,&quot;profecient_mouse_effects_toggle&quot;:0}\">\n\t\t\t<div class=\"elementor-widget-wrap elementor-element-populated\">\n\t\t\t\t\t\t<div class=\"elementor-element elementor-element-59062c59 elementor-invisible elementor-widget elementor-widget-heading\" data-id=\"59062c59\" data-element_type=\"widget\" data-settings=\"{&quot;_animation&quot;:&quot;fadeInUp&quot;,&quot;_animation_delay&quot;:0,&quot;profecient_parallax_effects_toggle&quot;:0,&quot;profecient_mouse_effects_toggle&quot;:0}\" data-widget_type=\"heading.default\">\n\t\t\t\t<div class=\"elementor-widget-container\">\n\t\t\t\t\t<h2 class=\"elementor-heading-title elementor-size-default\">Organigramme du Minist\u00e8re<\/h2>\t\t\t\t<\/div>\n\t\t\t\t<\/div>\n\t\t\t\t<div class=\"elementor-element elementor-element-5de19ac elementor-widget elementor-widget-profecient_breadcrumb\" data-id=\"5de19ac\" data-element_type=\"widget\" data-settings=\"{&quot;profecient_parallax_effects_toggle&quot;:0,&quot;profecient_mouse_effects_toggle&quot;:0}\" data-widget_type=\"profecient_breadcrumb.default\">\n\t\t\t\t<div class=\"elementor-widget-container\">\n\t\t\t\t\t<div class=\"profecient-breadcrumb jeg_module___69f4cd5a4ba7e\"><span class=\"crumb\">Accueil<\/span><script type=\"application\/ld+json\">{\"@context\":\"https:\\\/\\\/schema.org\",\"@type\":\"BreadcrumbList\",\"itemListElement\":[{\"@type\":\"ListItem\",\"position\":1,\"name\":\"Accueil\"}]}<\/script><\/div>\t\t\t\t<\/div>\n\t\t\t\t<\/div>\n\t\t\t\t\t<\/div>\n\t\t<\/div>\n\t\t\t\t\t<\/div>\n\t\t<\/section>\n\t\t\t\t<section class=\"elementor-section elementor-top-section elementor-element elementor-element-39465451 elementor-section-boxed elementor-section-height-default elementor-section-height-default\" data-id=\"39465451\" data-element_type=\"section\" data-settings=\"{&quot;background_background&quot;:&quot;classic&quot;,&quot;profecient_background_motion_effects_toggle&quot;:0,&quot;profecient_parallax_effects_toggle&quot;:0,&quot;profecient_mouse_effects_toggle&quot;:0}\">\n\t\t\t\t\t\t<div class=\"elementor-container elementor-column-gap-default\">\n\t\t\t\t\t<div class=\"elementor-column elementor-col-100 elementor-top-column elementor-element elementor-element-5d58b595\" data-id=\"5d58b595\" data-element_type=\"column\" data-settings=\"{&quot;profecient_background_motion_effects_toggle&quot;:0,&quot;profecient_parallax_effects_toggle&quot;:0,&quot;profecient_mouse_effects_toggle&quot;:0}\">\n\t\t\t<div class=\"elementor-widget-wrap elementor-element-populated\">\n\t\t\t\t\t\t<div class=\"elementor-element elementor-element-2aaf598a animated-slow elementor-invisible elementor-widget elementor-widget-jkit_heading\" data-id=\"2aaf598a\" data-element_type=\"widget\" data-settings=\"{&quot;_animation&quot;:&quot;fadeInUp&quot;,&quot;_animation_delay&quot;:150,&quot;profecient_parallax_effects_toggle&quot;:0,&quot;profecient_mouse_effects_toggle&quot;:0}\" data-widget_type=\"jkit_heading.default\">\n\t\t\t\t<div class=\"elementor-widget-container\">\n\t\t\t\t\t<div  class=\"jeg-elementor-kit jkit-heading  align-center align-tablet- align-mobile- jeg_module__1_69f4cd5a4cde4\" ><div class=\"heading-section-title  display-inline-block\"><h5 class=\"heading-title\">Le Minist\u00e8re<\/h5><\/div><div class=\"heading-section-separator\"><div class=\"separator-wrapper style-solid\"><\/div><\/div><\/div>\t\t\t\t<\/div>\n\t\t\t\t<\/div>\n\t\t\t\t<div class=\"elementor-element elementor-element-31af4e68 animated-slow elementor-invisible elementor-widget elementor-widget-heading\" data-id=\"31af4e68\" data-element_type=\"widget\" data-settings=\"{&quot;_animation&quot;:&quot;fadeInUp&quot;,&quot;_animation_delay&quot;:200,&quot;profecient_parallax_effects_toggle&quot;:0,&quot;profecient_mouse_effects_toggle&quot;:0}\" data-widget_type=\"heading.default\">\n\t\t\t\t<div class=\"elementor-widget-container\">\n\t\t\t\t\t<h2 class=\"elementor-heading-title elementor-size-default\">Organigramme<\/h2>\t\t\t\t<\/div>\n\t\t\t\t<\/div>\n\t\t\t\t<div class=\"elementor-element elementor-element-571f518c animated-slow elementor-invisible elementor-widget elementor-widget-text-editor\" data-id=\"571f518c\" data-element_type=\"widget\" data-settings=\"{&quot;_animation&quot;:&quot;fadeInUp&quot;,&quot;_animation_delay&quot;:250,&quot;profecient_parallax_effects_toggle&quot;:0,&quot;profecient_mouse_effects_toggle&quot;:0}\" data-widget_type=\"text-editor.default\">\n\t\t\t\t<div class=\"elementor-widget-container\">\n\t\t\t\t\t\t\t\t\t<p class=\"bodytext\">Conform\u00e9ment aux dispositions du d\u00e9cret n\u00b0 2005-2123 du 27 juillet 2005 portant organisation du minist\u00e8re du tourisme tel qu\u2019il a \u00e9t\u00e9 modifi\u00e9 et compl\u00e9t\u00e9 par le d\u00e9cret n\u00b0 2010-794 du 20 Avril 2010, actualis\u00e9 par le D\u00e9cret gouvernemental n\u00b0 2017-1241 du 3 novembre 2017, portant cr\u00e9ation d&rsquo;une unit\u00e9 de gestion des ports de plaisance, le minist\u00e8re du tourisme comprend :<\/p>\t\t\t\t\t\t\t\t<\/div>\n\t\t\t\t<\/div>\n\t\t\t\t\t<\/div>\n\t\t<\/div>\n\t\t\t\t\t<\/div>\n\t\t<\/section>\n\t\t<div class=\"elementor-element elementor-element-81af6df e-flex e-con-boxed e-con e-parent\" data-id=\"81af6df\" data-element_type=\"container\" data-settings=\"{&quot;profecient_background_motion_effects_toggle&quot;:0,&quot;profecient_parallax_effects_toggle&quot;:0,&quot;profecient_mouse_effects_toggle&quot;:0}\">\n\t\t\t\t\t<div class=\"e-con-inner\">\n\t\t\t\t<div class=\"elementor-element elementor-element-97aaf47 elementor-widget elementor-widget-text-editor\" data-id=\"97aaf47\" data-element_type=\"widget\" data-settings=\"{&quot;profecient_parallax_effects_toggle&quot;:0,&quot;profecient_mouse_effects_toggle&quot;:0}\" data-widget_type=\"text-editor.default\">\n\t\t\t\t<div class=\"elementor-widget-container\">\n\t\t\t\t\t\t\t\t\t<ul class=\"o-chart\">\n    <li><span class=\"n-1\">Le Ministre<\/span>\n        <ul>\n            <li><span class=\"n-2\">Comit\u00e9 Sup\u00e9rieur<\/span><\/li>\n            <li><span class=\"n-2\">Cabinet<\/span>\n                <ul>\n                    <li><span class=\"n-3\">Bureau d\u2019ordre central<\/span><\/li>\n                    <li><span class=\"n-3\">Bureau d\u2019information, d\u2019accueil et des relations publiques<\/span><\/li>\n                    <li><span class=\"n-3\">Bureau du suivi des d\u00e9cisions du conseil des ministres, des CMR et des CIM<\/span><\/li>\n                    <li><span class=\"n-3\">Bureau des Relations avec les citoyens<\/span><\/li>\n                    <li><span class=\"n-3\">Bureau des \u00e9tablissements sous-tutelle<\/span><\/li>\n                    <li><span class=\"n-3\">Bureau des relations et du partenariat avec les professionnels<\/span><\/li>\n                    <li><span class=\"n-3\">Bureau de la mise \u00e0 niveau touristique<\/span><\/li>\n                    <li><span class=\"n-3\">Bureau des loisirs touristiques<\/span><\/li>\n                <\/ul>\n            <\/li>\n            <li><span class=\"n-2\">Inspection G\u00e9n\u00e9rale<\/span><\/li>\n            <li><span class=\"n-2\">Direction G\u00e9n\u00e9rale des Services Communs<\/span>\n                <ul>\n                    <li><span class=\"n-3\">Direction des Affaires Administratives et Financi\u00e8res<\/span>\n                        <ul>\n                            <li><span class=\"n-4\">Sous-direction des affaires administratives<\/span>\n                                <ul>\n                                    <li><span class=\"n-5\">Service des ressources humaines et de la formation<\/span><\/li>\n                                    <li><span class=\"n-5\">Service de la gestion des documents et de la documentation<\/span><\/li>\n                                <\/ul>\n                            <\/li>\n                            <li><span class=\"n-4\">Sous-directions de affaires financi\u00e8res<\/span>\n                                <ul>\n                                    <li><span class=\"n-5\">Service du budget et des affaires financi\u00e8res<\/span><\/li>\n                                    <li><span class=\"n-5\">Service des march\u00e9s publics<\/span><\/li>\n                                    <li><span class=\"n-5\">Service du mat\u00e9riel et du transport<\/span><\/li>\n                                <\/ul>\n                            <\/li>\n                        <\/ul>\n                    <\/li>\n                    <li><span class=\"n-3\">Direction de l\u2019organisation, des m\u00e9thodes et de l\u2019informatique.<\/span>\n                        <ul>\n                            <li><span class=\"n-4\">Sous-direction de l\u2019organisation et du d\u00e9veloppement des m\u00e9thodes<\/span>\n                                <ul>\n                                    <li><span class=\"n-5\">Service de l\u2019organisation<\/span><\/li>\n                                    <li><span class=\"n-5\">Service de la modernisation administrative<\/span><\/li>\n                                <\/ul>\n                            <\/li>\n                            <li><span class=\"n-4\">Sous-direction de l\u2019informatique<\/span>\n                                <ul>\n                                    <li><span class=\"n-5\">Service des applications et des prestations de l\u2019administration \u00e9lectronique<\/span><\/li>\n                                    <li><span class=\"n-5\">Service des \u00e9quipements et de la s\u00e9curit\u00e9 informatique<\/span><\/li>\n                                <\/ul>\n                            <\/li>\n                        <\/ul>\n                    <\/li>\n                    <li><span class=\"n-3\">Direction des affaires juridiques et du contentieux<\/span>\n                        <ul>\n                            <li><span class=\"n-4\">Sous-direction des affaires juridiques<\/span>\n                                <ul>\n                                    <li><span class=\"n-5\">Service du contentieux<\/span><\/li>\n                                <\/ul>\n                            <\/li>\n                        <\/ul>\n                    <\/li>\n                <\/ul>\n            <\/li>\n            <li><span class=\"n-2\">Direction des \u00c9tudes et de la Coop\u00e9ration Internationale<\/span>\n                <ul>\n                    <li><span class=\"n-3\">Sous-direction des \u00e9tudes et de planification<\/span>\n                        <ul>\n                            <li><span class=\"n-4\">Service des \u00e9tudes<\/span><\/li>\n                            <li><span class=\"n-4\">Service des statistiques et de la planification<\/span><\/li>\n                        <\/ul>\n                    <\/li>\n                    <li><span class=\"n-3\">Sous-direction de la Coop\u00e9ration Internationale<\/span>\n                        <ul>\n                            <li><span class=\"n-4\">Service de la coop\u00e9ration bilat\u00e9rale<\/span><\/li>\n                            <li><span class=\"n-4\">Service de la coop\u00e9ration avec les organismes r\u00e9gionaux et internationaux<\/span><\/li>\n                        <\/ul>\n                    <\/li>\n                <\/ul>\n\t\t\t\t\t\t<\/li>\n            <li><span class=\"n-2\">Unit\u00e9 de Gestion des Ports de Plaisance<\/span><\/li>\n            <li><span class=\"n-2\">Unit\u00e9 de Gestion du Budget par Objectifs<\/span><\/li>\n            <li><span class=\"n-2\">Conf\u00e9rence des directeurs<\/span><\/li>\n        <\/ul>\n    <\/li>\n<\/ul>\t\t\t\t\t\t\t\t<\/div>\n\t\t\t\t<\/div>\n\t\t\t\t\t<\/div>\n\t\t\t\t<\/div>\n\t\t\t\t<\/div>\n\t\t","protected":false},"excerpt":{"rendered":"<p>Organigramme du Minist\u00e8re Accueil Le Minist\u00e8re Organigramme Conform\u00e9ment aux dispositions du d\u00e9cret n\u00b0 2005-2123 du 27 juillet 2005 portant organisation du minist\u00e8re du tourisme tel qu\u2019il a \u00e9t\u00e9 modifi\u00e9 et compl\u00e9t\u00e9 par le d\u00e9cret n\u00b0 2010-794 du 20 Avril 2010, actualis\u00e9 par le D\u00e9cret gouvernemental n\u00b0 2017-1241 du 3 novembre 2017, portant cr\u00e9ation d&rsquo;une unit\u00e9 [&hellip;]<\/p>\n","protected":false},"author":1,"featured_media":0,"parent":967,"menu_order":0,"comment_status":"closed","ping_status":"closed","template":"elementor_header_footer","meta":{"footnotes":"","_links_to":"","_links_to_target":""},"class_list":["post-1381","page","type-page","status-publish","hentry"],"lang":"fr","translations":{"fr":1381,"ar":1480},"pll_sync_post":[],"_links":{"self":[{"href":"\/index.php?rest_route=\/wp\/v2\/pages\/1381","targetHints":{"allow":["GET"]}}],"collection":[{"href":"\/index.php?rest_route=\/wp\/v2\/pages"}],"about":[{"href":"\/index.php?rest_route=\/wp\/v2\/types\/page"}],"author":[{"embeddable":true,"href":"\/index.php?rest_route=\/wp\/v2\/users\/1"}],"replies":[{"embeddable":true,"href":"\/index.php?rest_route=%2Fwp%2Fv2%2Fcomments&post=1381"}],"version-history":[{"count":79,"href":"\/index.php?rest_route=\/wp\/v2\/pages\/1381\/revisions"}],"predecessor-version":[{"id":2981,"href":"\/index.php?rest_route=\/wp\/v2\/pages\/1381\/revisions\/2981"}],"up":[{"embeddable":true,"href":"\/index.php?rest_route=\/wp\/v2\/pages\/967"}],"wp:attachment":[{"href":"\/index.php?rest_route=%2Fwp%2Fv2%2Fmedia&parent=1381"}],"curies":[{"name":"wp","href":"https:\/\/api.w.org\/{rel}","templated":true}]}}